{"id":19,"date":"2014-11-01T00:29:45","date_gmt":"2014-10-31T23:29:45","guid":{"rendered":"http:\/\/sit.bthstudent.se\/?page_id=19"},"modified":"2023-01-24T11:05:17","modified_gmt":"2023-01-24T10:05:17","slug":"gasque","status":"publish","type":"page","link":"https:\/\/sit.bthstudent.se\/en\/gasque\/","title":{"rendered":"Gasque"},"content":{"rendered":"<p>The following rules of order apply under a gasque:<\/p>\n<div id=\"magicdomid4\">0. Make sure you are on the right gasque.<\/div>\n<div><\/div>\n<div id=\"magicdomid5\"><\/div>\n<div id=\"magicdomid6\">1. If it turns out that you are not on the right gasque, you are asked not to leave the gasque before its end.<\/div>\n<div><\/div>\n<div id=\"magicdomid8\"><\/div>\n<div id=\"magicdomid9\">2. Gasquer starts at 6 p.m. If otherwise specified, the party still starts at 6 p.m., as the guests will not arrive before then.<\/div>\n<div><\/div>\n<div id=\"magicdomid12\"><\/div>\n<div id=\"magicdomid13\">3. Rules must be followed. If they are not followed, it is considered an exception and thus confirms the rule.<\/div>\n<div><\/div>\n<div id=\"magicdomid15\"><\/div>\n<div id=\"magicdomid16\">4. At gasque, clothing is strongly recommended. Unless otherwise stated, fleece is to be considered clothing.<\/div>\n<ol>\n<li>If the gasque is kept outside BTH, it is highly unlikely that this rule applies.<\/li>\n<\/ol>\n<div id=\"magicdomid21\">5. Party discipline must prevail, unless the toastmaster or another person setting the tone states otherwise.<\/div>\n<div><\/div>\n<div id=\"magicdomid23\"><\/div>\n<div id=\"magicdomid24\">6. By party discipline is meant: the toastmaster must be able to understand if you wish. Spex must be heard by everyone, regardless of whether they want to hear it or not.<\/div>\n<div><\/div>\n<div id=\"magicdomid27\"><\/div>\n<div id=\"magicdomid28\">7. If it's crowded, which it is at all real gasques, feel free to assist the serving in obvious ways, then everything goes faster.<\/div>\n<div><\/div>\n<div id=\"magicdomid30\"><\/div>\n<div id=\"magicdomid31\">8. If caste-friendly food is served, such as meatballs, lemon fromage, etc., this should be seen as an honest mistake on the part of the organizers and not as an invitation to a food war.<\/div>\n<div><\/div>\n<div id=\"magicdomid34\"><\/div>\n<div id=\"magicdomid35\">9. If you intend to be on time, you will be on time. Otherwise, you will likely be late.<\/div>\n<div><\/div>\n<div id=\"magicdomid37\"><\/div>\n<div id=\"magicdomid38\">10. Violation of the law of gravity is politely but firmly avoided.<\/div>\n<div><\/div>\n<div id=\"magicdomid39\"><\/div>\n<div id=\"magicdomid40\">11. We are not responsible for forgotten guests.<\/div>\n<div><\/div>\n<div id=\"magicdomid41\"><\/div>\n<div id=\"magicdomid42\">12. Forgotten table ladies can be retrieved upon description at the end of gasques.<\/div>\n<div><\/div>\n<div id=\"magicdomid44\"><\/div>\n<div id=\"magicdomid45\">13. If you are unsure about the songs, please start at least half a minute before the other participants.<\/div>\n<div><\/div>\n<div id=\"magicdomid47\"><\/div>\n<div id=\"magicdomid48\">14. If you intend to spill a drink, you should make sure that the drink is alcohol-free.<\/div>\n<div><\/div>\n<div id=\"magicdomid50\"><\/div>\n<div id=\"magicdomid51\">15. Never eat more than you or your table neighbor can force into you.<\/div>\n<div><\/div>\n<div id=\"magicdomid52\"><\/div>\n<div id=\"magicdomid53\">16. Under the tables the right rule applies, provided it is not a British gasque, when left-hand traffic is requested.<\/div>","protected":false},"excerpt":{"rendered":"<p>F\u00f6ljande ordningsregler g\u00e4ller under en gasque: 0. F\u00f6rvissa dig om att du \u00e4r p\u00e5 r\u00e4tt gasque. 1. Visar det sig &hellip; <a href=\"https:\/\/sit.bthstudent.se\/en\/gasque\/\" class=\"more-link\"><span class=\"more-button\">Continue Reading<span class=\"screen-reader-text\">Gasque<\/span><\/span><\/a><\/p>","protected":false},"author":89,"featured_media":0,"parent":0,"menu_order":1,"comment_status":"closed","ping_status":"closed","template":"","meta":{"footnotes":""},"class_list":["post-19","page","type-page","status-publish","hentry"],"_links":{"self":[{"href":"https:\/\/sit.bthstudent.se\/en\/wp-json\/wp\/v2\/pages\/19","targetHints":{"allow":["GET"]}}],"collection":[{"href":"https:\/\/sit.bthstudent.se\/en\/wp-json\/wp\/v2\/pages"}],"about":[{"href":"https:\/\/sit.bthstudent.se\/en\/wp-json\/wp\/v2\/types\/page"}],"author":[{"embeddable":true,"href":"https:\/\/sit.bthstudent.se\/en\/wp-json\/wp\/v2\/users\/89"}],"replies":[{"embeddable":true,"href":"https:\/\/sit.bthstudent.se\/en\/wp-json\/wp\/v2\/comments?post=19"}],"version-history":[{"count":4,"href":"https:\/\/sit.bthstudent.se\/en\/wp-json\/wp\/v2\/pages\/19\/revisions"}],"predecessor-version":[{"id":512,"href":"https:\/\/sit.bthstudent.se\/en\/wp-json\/wp\/v2\/pages\/19\/revisions\/512"}],"wp:attachment":[{"href":"https:\/\/sit.bthstudent.se\/en\/wp-json\/wp\/v2\/media?parent=19"}],"curies":[{"name":"wp","href":"https:\/\/api.w.org\/{rel}","templated":true}]}}