{"id":23,"date":"2014-11-01T00:40:16","date_gmt":"2014-10-31T23:40:16","guid":{"rendered":"http:\/\/sit.bthstudent.se\/?page_id=23"},"modified":"2026-03-06T19:41:57","modified_gmt":"2026-03-06T18:41:57","slug":"medlemmar","status":"publish","type":"page","link":"https:\/\/sit.bthstudent.se\/en\/sektionen\/medlemmar\/","title":{"rendered":"Members"},"content":{"rendered":"<div data-elementor-type=\"wp-page\" data-elementor-id=\"23\" class=\"elementor elementor-23\">\n\t\t\t\t\t\t<section class=\"elementor-section elementor-top-section elementor-element elementor-element-56925aab elementor-section-boxed elementor-section-height-default elementor-section-height-default\" data-id=\"56925aab\" data-element_type=\"section\" data-e-type=\"section\">\n\t\t\t\t\t\t<div class=\"elementor-container elementor-column-gap-default\">\n\t\t\t\t\t<div class=\"elementor-column elementor-col-100 elementor-top-column elementor-element elementor-element-c5968fa\" data-id=\"c5968fa\" data-element_type=\"column\" data-e-type=\"column\">\n\t\t\t<div class=\"elementor-widget-wrap elementor-element-populated\">\n\t\t\t\t\t\t<div class=\"elementor-element elementor-element-39ad0e6e elementor-widget elementor-widget-text-editor\" data-id=\"39ad0e6e\" data-element_type=\"widget\" data-e-type=\"widget\" data-widget_type=\"text-editor.default\">\n\t\t\t\t<div class=\"elementor-widget-container\">\n\t\t\t\t\t\t\t\t\t<p>It is we who make up Student Culture in Time.<br \/>You can reach us over at, <a href=\"mailto:sit@bthstudent.se\">sit@bthstudent.se<\/a><\/p><h6 style=\"margin-top: 3.11111em;margin-bottom: 1.55556em\">\u00a0S<span style=\"background-color: transparent;font-size: 1.125rem\">tyrelsen 25\/26<\/span><\/h6><ul style=\"margin-bottom: 1.55556em\"><li>Ordf\u00f6rande: Ewelina &#8217;Zipp&#8217; Svensson<\/li><li>Vice Ordf\u00f6rande: Filippa &#8217;V\u00e4rtumnuz&#8217; Liss\u00e4ng \u00d6st<\/li><li>Sekreterare: Hampus &#8217;Sibb\u00e4n&#8217; Eklund<\/li><li><span style=\"background-color: transparent;font-size: 1.25rem\">Ekonomiansvarig: Kim &#8217;Placebo&#8217; Larsson<\/span><\/li><li>Evenemangsansvarig: Sofie &#8217;Lotus&#8217; L\u00f6kke<\/li><li>Kommunikationsansvarig: Albin &#8217;It\u00e4llic&#8217; Svensson<\/li><li><span style=\"background-color: transparent;font-size: 1.25rem\">Materialansvarig: Melker &#8217;Rico&#8217; M\u00e5nsson<\/span><\/li><li><span style=\"background-color: transparent;font-size: 1.25rem\">Markandsansvarig: Hadi &#8217;B\u00e5rat&#8217; Abou Zahra<\/span><\/li><li><span style=\"background-color: transparent;font-size: 1.25rem\">Ledamot: Henrietta &#8217;Joltic&#8217; Fransson<\/span><\/li><li><span style=\"background-color: transparent;font-size: 1.25rem\">Mentor: Rasmus &#8217;Deeler&#8217; Andersen<\/span><\/li><\/ul><h6 style=\"margin-top: 3.11111em;margin-bottom: 1.55556em\"><span style=\"font-size: 1.125rem;background-color: transparent\">Styrelsen 24\/25<\/span><\/h6><ul style=\"margin-bottom: 1.55556em\"><li>Ordf\u00f6rande: Albin &#8217;It\u00e4llic&#8217; Svensson<\/li><li>Vice Ordf\u00f6rande: Liam &#8217;Emc&#8217; Ekman<\/li><li>Sekreterare: Sofia &#8217;Nala&#8217; Gimholt<\/li><li><span style=\"background-color: transparent;font-size: 1.25rem\">Ekonomiansvarig: Egil &#8217;Taranteen\u00e5&#8217; Holmlund<\/span><\/li><li>Evenemangsansvarig: Sofie &#8217;Lotus&#8217; L\u00f6kke<\/li><li>Evenemangsansvarig: Emma &#8217;T\u00e4ngeling&#8217; Glad<\/li><li>Evenemangsansvarig: Ewelina &#8217;Zipp&#8217; Waniewska<\/li><li>Kommunikationsansvarig: Rasmus &#8217;Deeler&#8217; Andersen<\/li><li>S\u00e5ng- och spexansvarig: Filippa &#8217;V\u00e4rtumnuz&#8217; Liss\u00e4ng \u00d6st<\/li><li>Materialansvarig: Melker &#8217;Rico&#8217; M\u00e5nsson<\/li><li>Materialansvarig: Emma &#8217; Mrs. Hook&#8217; Olsson<\/li><li><span style=\"background-color: transparent;font-size: 1.25rem\">Ledamot: Sofia &#8217;Fr33z&#8217; R\u00e4mmal<\/span><\/li><li><span style=\"background-color: transparent;font-size: 1.25rem\">Ledamot: Fanny &#8217;Cl\u00e5tter&#8217; Hagenfeldt<\/span><\/li><li><span style=\"background-color: transparent;font-size: 1.25rem\">Ledamot: Henrietta &#8217;Joltic&#8217; Fransson<\/span><\/li><\/ul><h6 style=\"margin-top: 3.11111em;margin-bottom: 1.55556em\">Styrelsen 23\/24<\/h6><ul style=\"margin-bottom: 1.55556em\"><li>Chairman: Rasmus \u2019Deeler\u2019 Andersen<\/li><li>Vice Ordf\u00f6rande: Fanny &#8217;Cl\u00e5tter&#8217; Hagenfeldt<\/li><li>Sekreterare: Sofia &#8217;Nala&#8217; Gimholt<\/li><li><span style=\"background-color: transparent;font-size: 1.25rem\">Lageransvarig: Melker &#8217;Rico&#8217; M\u00e5nsson<\/span><\/li><li>Choir Manager: Rebecca \u2019Nejl\u2019 Redin Niwong<\/li><li><span style=\"background-color: transparent;font-size: 1.25rem\">PR-Ansvarig: Jessica &#8217;Prosit&#8217; Ngo<\/span><\/li><li><span style=\"background-color: transparent;font-size: 1.25rem\">Ledamot: Albin &#8217;It\u00e4llic&#8217; Svensson<\/span><\/li><li><span style=\"background-color: transparent;font-size: 1.25rem\">Ledamot: Sofia &#8217;Fr33z&#8217; R\u00e4mmal<\/span><\/li><li><span style=\"background-color: transparent;font-size: 1.25rem\">Ledamot: Sofia &#8217;Dr Phil&#8217; Peterzon<\/span><\/li><li><span style=\"background-color: transparent;font-size: 1.25rem\">Ledamot: Bilbo &#8217;Llama&#8217; Zinders<\/span><\/li><li><span style=\"background-color: transparent;font-size: 1.25rem\">Mentor: Lars &#8217;Teyken&#8217; H\u00e5kansson<\/span><\/li><\/ul><h6><strong>Board 22\/23<\/strong><\/h6><ul><li>Chairman: Rasmus \u2019Deeler\u2019 Andersen<\/li><li>Vice-Chairman: Tova \u2019Prada\u2019 Ericsson<\/li><li>Secretary: Melker \u2019Rico\u2019 M\u00e5nsson<\/li><li><span style=\"background-color: transparent;font-size: 1.25rem\">Communications Manager: Sofia \u2019Nala\u2019 Gimholt<\/span><\/li><li>Ovveansvarig: Lars &#8217;Teyken&#8217; H\u00e5kansson<\/li><li>Crafts Manager: Sofia \u2019Finder\u2019 Starck<\/li><li>Choir Manager: Rebecca \u2019Nejl\u2019 Redin Niwong<\/li><li>PR Manager: Fanny \u2019Cl\u00e5tter\u2019 Hagenfeldt<\/li><\/ul><h6><strong>Board 21\/22<\/strong><\/h6><ul><li>Chairman: Sofia \u2019Finder\u2019 Starck<\/li><li>Vice-Chairman: Lars \u2019Teyken\u2019 H\u00e5kansson<\/li><li>Secretary:  Rasmus \u2019Deeler\u2019 Andersen<\/li><li><span style=\"background-color: transparent;font-size: 1.25rem\">Communications Manager: Melker \u2019Rico\u2019 M\u00e5nsson<\/span><\/li><li>Bale Manager: Tova \u2019Prada\u2019 Ericsson<\/li><\/ul><h6><strong>Board 20\/21<br \/><\/strong><\/h6><ul><li>Chairman: Sofia \u2019Finder\u2019 Starck<\/li><li>Secretary: Karl-Henrik \u20192:a\u2019 Andersson<\/li><li>Finance Manager: Lars \u2019Teyken\u2019 H\u00e5kansson<\/li><li>Stassi\u00e4r: Erika &#8217;Pancake&#8217; Eliasson<\/li><li>Warehouse Manager: Bilbo \u2019Llama\u2019 Zinders<\/li><li>Head of Culture: Josefin \u2019OG Picasso\u2019 Molander<\/li><li>Celebration officer: Hilma \u2019F\u00e4tch\u00f6r\u2019 Ottosson<\/li><\/ul><h6><strong>Board 19\/20<\/strong><\/h6><ul><li>Chairman: Nellie \u2019Chiken\u2019 Cadeskog<\/li><li>Member: Cecilia \u2019Whiplash\u2019 Feldmanis<\/li><li>Member: Erika \u2019Pancake\u2019 Eliasson<\/li><li>Member: Lars \u2019Teyken\u2019 H\u00e5kansson<\/li><li>Member: Oskar \u2019Eggman\u2019 Engstr\u00f6m<\/li><\/ul><h6><span style=\"text-decoration: underline\"><strong>Previous members<\/strong><\/span><\/h6><p>Sikevux,\u00a0K\u00f6psto\u00b6,\u00a0Dolly,\u00a0Yeti,\u00a0Sink,\u00a0L\u00f6sningen,\u00a0Stufsy, Hybris, Mjupps, Sparta, Skitles, Mojo, Lhure, Fiddler, Tiki<\/p>\t\t\t\t\t\t\t\t<\/div>\n\t\t\t\t<\/div>\n\t\t\t\t\t<\/div>\n\t\t<\/div>\n\t\t\t\t\t<\/div>\n\t\t<\/section>\n\t\t\t\t<\/div>","protected":false},"excerpt":{"rendered":"<p>Det \u00e4r vi som utg\u00f6r Studentkultur i Tiden.Vill du komma i kontakt med styrelsen, mejla sit@bthstudent.se \u00a0Styrelsen 25\/26 Ordf\u00f6rande: Ewelina &hellip; <a href=\"https:\/\/sit.bthstudent.se\/en\/sektionen\/medlemmar\/\" class=\"more-link\"><span class=\"more-button\">Continue Reading<span class=\"screen-reader-text\">Members<\/span><\/span><\/a><\/p>","protected":false},"author":89,"featured_media":0,"parent":352,"menu_order":0,"comment_status":"closed","ping_status":"closed","template":"","meta":{"footnotes":""},"class_list":["post-23","page","type-page","status-publish","hentry"],"_links":{"self":[{"href":"https:\/\/sit.bthstudent.se\/en\/wp-json\/wp\/v2\/pages\/23","targetHints":{"allow":["GET"]}}],"collection":[{"href":"https:\/\/sit.bthstudent.se\/en\/wp-json\/wp\/v2\/pages"}],"about":[{"href":"https:\/\/sit.bthstudent.se\/en\/wp-json\/wp\/v2\/types\/page"}],"author":[{"embeddable":true,"href":"https:\/\/sit.bthstudent.se\/en\/wp-json\/wp\/v2\/users\/89"}],"replies":[{"embeddable":true,"href":"https:\/\/sit.bthstudent.se\/en\/wp-json\/wp\/v2\/comments?post=23"}],"version-history":[{"count":28,"href":"https:\/\/sit.bthstudent.se\/en\/wp-json\/wp\/v2\/pages\/23\/revisions"}],"predecessor-version":[{"id":532,"href":"https:\/\/sit.bthstudent.se\/en\/wp-json\/wp\/v2\/pages\/23\/revisions\/532"}],"up":[{"embeddable":true,"href":"https:\/\/sit.bthstudent.se\/en\/wp-json\/wp\/v2\/pages\/352"}],"wp:attachment":[{"href":"https:\/\/sit.bthstudent.se\/en\/wp-json\/wp\/v2\/media?parent=23"}],"curies":[{"name":"wp","href":"https:\/\/api.w.org\/{rel}","templated":true}]}}