{"id":6,"date":"2014-10-31T23:57:48","date_gmt":"2014-10-31T22:57:48","guid":{"rendered":"http:\/\/sit.bthstudent.se\/?page_id=6"},"modified":"2017-11-09T16:03:59","modified_gmt":"2017-11-09T15:03:59","slug":"teknologmossan","status":"publish","type":"page","link":"https:\/\/sit.bthstudent.se\/en\/om\/teknologmossan\/","title":{"rendered":"Technologist cap"},"content":{"rendered":"<p>The technologist cap is a cap worn by technologists. These caps also differ from university to university. At Blekinge Institute of Technology, a cap of the Lunda model with a burgundy hill is used. It is otherwise identical to the caps worn at Lund University of Technology. Unlike Lund, we don't change hats in the winter and now we have moved away from the concept of one spettag a year. Spegatt is a small ball made of thread that is threaded onto the tassel that hangs down from the tongue. In the past, in Blekinge there have been different models of the cap depending on which, at the time, line association the student belonged to and which campus they studied at.<\/p>\n<p>The cap is worn by having it slightly tilted towards the tongue, the cap sits on the slant in the x direction compared to the wearer's head. It is also worn slightly tilted back on the neck, so that the screen indirectly ceases to function as a sun protection.<\/p>\n<div>\n<\/div>\n<h2>Spegatter<\/h2>\n<p>We now carry the spegatter according to the principle:<br \/>\nAn educational association show. Either you have one in full color for a normal school year or you have one with a gold (lurex) thread in the middle to show that you are on the board of the educational association.<br \/>\nOne spegatt per board you sit on, then only applies to union-related boards. Examples of these are the Council of Elders (SIS) whose spettat is black-white-black and the Rotundans which is black-blue-black.<\/p>\n<p>This means that, as a second-year student, you can in practice have around 8 spegatts instead of the only 2 that you used to have before.<br \/>\nInflationen l\u00f6ses genom att fler blir aktiva i k\u00e5ren s\u00e5 att man inte kan sitta i 8 stycken styrelser under ett \u00e5r.<\/p>\n<p>The study break allowance is only obtained if you, as a student, have taken a break from your program. This does not apply if you dropped out of a program to later start studying something else.<\/p>\n<h3>Education<\/h3>\n<p>One for each year of education started.<em><br \/>\n<\/em><\/p>\n<h4>Karlskrona<\/h4>\n<figure id=\"attachment_170\" aria-describedby=\"caption-attachment-170\" style=\"width: 179px\" class=\"wp-caption alignleft\"><img decoding=\"async\" class=\"wp-image-170 size-full\" src=\"\/wp-content\/blogs.dir\/24\/files\/sites\/12\/2016\/01\/BITS.png\" alt=\"BITS - student\" width=\"179\" height=\"101\" \/><figcaption id=\"caption-attachment-170\" class=\"wp-caption-text\">BITS &#8211; student<\/figcaption><\/figure>\n<figure id=\"attachment_146\" aria-describedby=\"caption-attachment-146\" style=\"width: 179px\" class=\"wp-caption alignright\"><img decoding=\"async\" class=\"size-full wp-image-146\" src=\"\/wp-content\/blogs.dir\/24\/files\/sites\/12\/2016\/01\/EKENstudent.png\" alt=\"EKEN - student\" width=\"179\" height=\"101\" \/><figcaption id=\"caption-attachment-146\" class=\"wp-caption-text\">EKEN &#8211; student<\/figcaption><\/figure>\n<figure id=\"attachment_141\" aria-describedby=\"caption-attachment-141\" style=\"width: 179px\" class=\"wp-caption aligncenter\"><img decoding=\"async\" class=\"wp-image-141 size-full\" src=\"\/wp-content\/blogs.dir\/24\/files\/sites\/12\/2016\/01\/BOSSstudent.png\" alt=\"BOSS - student\" width=\"179\" height=\"101\" \/><figcaption id=\"caption-attachment-141\" class=\"wp-caption-text\">BOSS &#8211; student<\/figcaption><\/figure>\n<figure id=\"attachment_150\" aria-describedby=\"caption-attachment-150\" style=\"width: 179px\" class=\"wp-caption alignleft\"><img loading=\"lazy\" decoding=\"async\" class=\"wp-image-150 size-full\" src=\"\/wp-content\/blogs.dir\/24\/files\/sites\/12\/2016\/01\/M\u00e5rFintstudent.png\" alt=\"M\u00e5rfin(t) - student\" width=\"179\" height=\"101\" \/><figcaption id=\"caption-attachment-150\" class=\"wp-caption-text\">M\u00e5rfin(t) &#8211; student<\/figcaption><\/figure>\n<figure id=\"attachment_136\" aria-describedby=\"caption-attachment-136\" style=\"width: 179px\" class=\"wp-caption alignright\"><img loading=\"lazy\" decoding=\"async\" class=\"wp-image-136 size-full\" src=\"\/wp-content\/blogs.dir\/24\/files\/sites\/12\/2016\/01\/ROOTstudent.png\" alt=\"#ROOT - student\" width=\"179\" height=\"101\" \/><figcaption id=\"caption-attachment-136\" class=\"wp-caption-text\">#ROOT &#8211; student<\/figcaption><\/figure>\n<figure id=\"attachment_156\" aria-describedby=\"caption-attachment-156\" style=\"width: 179px\" class=\"wp-caption alignleft\"><img loading=\"lazy\" decoding=\"async\" class=\"wp-image-156 size-full\" src=\"\/wp-content\/blogs.dir\/24\/files\/sites\/12\/2016\/01\/ROSTstudent.png\" alt=\"ROST - student\" width=\"179\" height=\"101\" \/><figcaption id=\"caption-attachment-156\" class=\"wp-caption-text\">ROST &#8211; student<\/figcaption><\/figure>\n<h4>Karlshamn<\/h4>\n<figure id=\"attachment_145\" aria-describedby=\"caption-attachment-145\" style=\"width: 179px\" class=\"wp-caption alignleft\"><img loading=\"lazy\" decoding=\"async\" class=\"size-full wp-image-145\" src=\"http:\/\/sit.bthstudent.se\/wp-content\/blogs.dir\/24\/files\/sites\/12\/2016\/01\/Digitalljudproduktion.png\" alt=\"Digital ljudproduktion - student\" width=\"179\" height=\"101\" \/><figcaption id=\"caption-attachment-145\" class=\"wp-caption-text\">Digital ljudproduktion &#8211; student<\/figcaption><\/figure>\n<figure id=\"attachment_164\" aria-describedby=\"caption-attachment-164\" style=\"width: 179px\" class=\"wp-caption alignright\"><img loading=\"lazy\" decoding=\"async\" class=\"size-full wp-image-164\" src=\"http:\/\/sit.bthstudent.se\/wp-content\/blogs.dir\/24\/files\/sites\/12\/2016\/01\/Webbutveckling.png\" alt=\"Webbutveckling\" width=\"179\" height=\"101\" \/><figcaption id=\"caption-attachment-164\" class=\"wp-caption-text\">Webbutveckling &#8211; student<\/figcaption><\/figure>\n<figure id=\"attachment_144\" aria-describedby=\"caption-attachment-144\" style=\"width: 179px\" class=\"wp-caption aligncenter\"><img loading=\"lazy\" decoding=\"async\" class=\"size-full wp-image-144\" src=\"http:\/\/sit.bthstudent.se\/wp-content\/blogs.dir\/24\/files\/sites\/12\/2016\/01\/Digitalbildproduktion.png\" alt=\"Digital bildproduktion - student\" width=\"179\" height=\"101\" \/><figcaption id=\"caption-attachment-144\" class=\"wp-caption-text\">Digital bildproduktion &#8211; student<\/figcaption><\/figure>\n<figure id=\"attachment_143\" aria-describedby=\"caption-attachment-143\" style=\"width: 179px\" class=\"wp-caption alignleft\"><img loading=\"lazy\" decoding=\"async\" class=\"size-full wp-image-143\" src=\"http:\/\/sit.bthstudent.se\/wp-content\/blogs.dir\/24\/files\/sites\/12\/2016\/01\/Digitalaspel.png\" alt=\"Digitala spel - student\" width=\"179\" height=\"101\" \/><figcaption id=\"caption-attachment-143\" class=\"wp-caption-text\">Digitala spel &#8211; student<\/figcaption><\/figure>\n<h3 style=\"text-align: left\">Education association<\/h3>\n<p>One for each year on the board of education association.<\/p>\n<h4>Karlskrona<\/h4>\n<figure id=\"attachment_130\" aria-describedby=\"caption-attachment-130\" style=\"width: 179px\" class=\"wp-caption alignleft\"><img loading=\"lazy\" decoding=\"async\" class=\"wp-image-130 size-full\" src=\"\/wp-content\/blogs.dir\/24\/files\/sites\/12\/2016\/01\/BITSstyrelse.png\" alt=\"BITS - Styrelse\" width=\"179\" height=\"101\" \/><figcaption id=\"caption-attachment-130\" class=\"wp-caption-text\">BITS \u2013 board<\/figcaption><\/figure>\n<figure id=\"attachment_147\" aria-describedby=\"caption-attachment-147\" style=\"width: 179px\" class=\"wp-caption alignright\"><img loading=\"lazy\" decoding=\"async\" class=\"wp-image-147 size-full\" src=\"\/wp-content\/blogs.dir\/24\/files\/sites\/12\/2016\/01\/EKENstyrelse.png\" alt=\"EKEN - Styrelse\" width=\"179\" height=\"101\" \/><figcaption id=\"caption-attachment-147\" class=\"wp-caption-text\">EKEN \u2013 board<\/figcaption><\/figure>\n<figure id=\"attachment_142\" aria-describedby=\"caption-attachment-142\" style=\"width: 179px\" class=\"wp-caption aligncenter\"><img loading=\"lazy\" decoding=\"async\" class=\"wp-image-142 size-full\" src=\"\/wp-content\/blogs.dir\/24\/files\/sites\/12\/2016\/01\/BOSSstyrelse.png\" alt=\"BOSS - styrelse\" width=\"179\" height=\"101\" \/><figcaption id=\"caption-attachment-142\" class=\"wp-caption-text\">BOSS \u2013 board<\/figcaption><\/figure>\n<figure id=\"attachment_151\" aria-describedby=\"caption-attachment-151\" style=\"width: 179px\" class=\"wp-caption alignleft\"><img loading=\"lazy\" decoding=\"async\" class=\"wp-image-151 size-full\" src=\"\/wp-content\/blogs.dir\/24\/files\/sites\/12\/2016\/01\/M\u00e5rFintstyrelse.png\" alt=\"M\u00e5rfin(t) - styrelse\" width=\"179\" height=\"101\" \/><figcaption id=\"caption-attachment-151\" class=\"wp-caption-text\">M\u00e5rfin(t) \u2013 board<\/figcaption><\/figure>\n<figure id=\"attachment_137\" aria-describedby=\"caption-attachment-137\" style=\"width: 179px\" class=\"wp-caption alignright\"><img loading=\"lazy\" decoding=\"async\" class=\"wp-image-137 size-full\" src=\"\/wp-content\/blogs.dir\/24\/files\/sites\/12\/2016\/01\/ROOTstyrelse.png\" alt=\"#ROOT - styrelse\" width=\"179\" height=\"101\" \/><figcaption id=\"caption-attachment-137\" class=\"wp-caption-text\">#ROOT \u2013 board<\/figcaption><\/figure>\n<figure id=\"attachment_157\" aria-describedby=\"caption-attachment-157\" style=\"width: 179px\" class=\"wp-caption alignleft\"><img loading=\"lazy\" decoding=\"async\" class=\"wp-image-157 size-full\" src=\"\/wp-content\/blogs.dir\/24\/files\/sites\/12\/2016\/01\/ROSTstyrelse.png\" alt=\"ROST - styrelse\" width=\"179\" height=\"101\" \/><figcaption id=\"caption-attachment-157\" class=\"wp-caption-text\">ROST \u2013 board<\/figcaption><\/figure>\n<h4>Karlshamn<\/h4>\n<figure id=\"attachment_319\" aria-describedby=\"caption-attachment-319\" style=\"width: 179px\" class=\"wp-caption alignleft\"><a href=\"http:\/\/sit.bthstudent.se\/en\/wp-content\/blogs.dir\/24\/files\/sites\/12\/2016\/02\/MUK-01.png\/\"><img loading=\"lazy\" decoding=\"async\" class=\"wp-image-319\" src=\"http:\/\/sit.bthstudent.se\/wp-content\/blogs.dir\/24\/files\/sites\/12\/2016\/02\/MUK-01.png\" alt=\"MUK-01\" width=\"179\" height=\"101\" srcset=\"https:\/\/sit.bthstudent.se\/wp-content\/blogs.dir\/24\/files\/sites\/12\/2016\/02\/MUK-01.png 745w, https:\/\/sit.bthstudent.se\/wp-content\/blogs.dir\/24\/files\/sites\/12\/2016\/02\/MUK-01-300x170.png 300w\" sizes=\"(max-width: 179px) 100vw, 179px\" \/><\/a><figcaption id=\"caption-attachment-319\" class=\"wp-caption-text\">MUK \u2013 board<\/figcaption><\/figure>\n<h3 style=\"text-align: left\">Section<\/h3>\n<p>One for each year on the board for the section.<\/p>\n<h4>Karlskrona<\/h4>\n<figure id=\"attachment_160\" aria-describedby=\"caption-attachment-160\" style=\"width: 179px\" class=\"wp-caption alignleft\"><img loading=\"lazy\" decoding=\"async\" class=\"wp-image-160 size-full\" src=\"\/wp-content\/blogs.dir\/24\/files\/sites\/12\/2016\/01\/SIS.png\" alt=\"Sektionen f\u00f6r Internetbaserad Socialisering\" width=\"179\" height=\"101\" \/><figcaption id=\"caption-attachment-160\" class=\"wp-caption-text\">SIS \u2013 board<\/figcaption><\/figure>\n<figure id=\"attachment_303\" aria-describedby=\"caption-attachment-303\" style=\"width: 179px\" class=\"wp-caption alignright\"><img loading=\"lazy\" decoding=\"async\" class=\"wp-image-303\" src=\"http:\/\/sit.bthstudent.se\/wp-content\/blogs.dir\/24\/files\/sites\/12\/2016\/02\/StudentkulturiTiden-01.png\" alt=\"SIT - Styrelse\" width=\"179\" height=\"101\" srcset=\"https:\/\/sit.bthstudent.se\/wp-content\/blogs.dir\/24\/files\/sites\/12\/2016\/02\/StudentkulturiTiden-01.png 745w, https:\/\/sit.bthstudent.se\/wp-content\/blogs.dir\/24\/files\/sites\/12\/2016\/02\/StudentkulturiTiden-01-300x170.png 300w\" sizes=\"(max-width: 179px) 100vw, 179px\" \/><figcaption id=\"caption-attachment-303\" class=\"wp-caption-text\">SIT \u2013 board<\/figcaption><\/figure>\n<figure id=\"attachment_158\" aria-describedby=\"caption-attachment-158\" style=\"width: 179px\" class=\"wp-caption aligncenter\"><img loading=\"lazy\" decoding=\"async\" class=\"wp-image-158 size-full\" src=\"\/wp-content\/blogs.dir\/24\/files\/sites\/12\/2016\/01\/Rotundan.png\" alt=\"Rotundan - styrelse\" width=\"179\" height=\"101\" \/><figcaption id=\"caption-attachment-158\" class=\"wp-caption-text\">Rotundan \u2013 board<\/figcaption><\/figure>\n<figure id=\"attachment_302\" aria-describedby=\"caption-attachment-302\" style=\"width: 179px\" class=\"wp-caption alignleft\"><img loading=\"lazy\" decoding=\"async\" class=\"wp-image-302\" src=\"http:\/\/sit.bthstudent.se\/wp-content\/blogs.dir\/24\/files\/sites\/12\/2016\/02\/Sexistenz-01.png\" alt=\"Sexistenz - Styrelse\" width=\"179\" height=\"101\" srcset=\"https:\/\/sit.bthstudent.se\/wp-content\/blogs.dir\/24\/files\/sites\/12\/2016\/02\/Sexistenz-01.png 745w, https:\/\/sit.bthstudent.se\/wp-content\/blogs.dir\/24\/files\/sites\/12\/2016\/02\/Sexistenz-01-300x170.png 300w\" sizes=\"(max-width: 179px) 100vw, 179px\" \/><figcaption id=\"caption-attachment-302\" class=\"wp-caption-text\">Sexistenz \u2013 board<\/figcaption><\/figure>\n<h4>Karlshamn<\/h4>\n<figure id=\"attachment_301\" aria-describedby=\"caption-attachment-301\" style=\"width: 179px\" class=\"wp-caption alignleft\"><img loading=\"lazy\" decoding=\"async\" class=\"wp-image-301\" src=\"http:\/\/sit.bthstudent.se\/wp-content\/blogs.dir\/24\/files\/sites\/12\/2016\/02\/smoersex-01.png\" alt=\".smoersex - Styrelse\" width=\"179\" height=\"101\" srcset=\"https:\/\/sit.bthstudent.se\/wp-content\/blogs.dir\/24\/files\/sites\/12\/2016\/02\/smoersex-01.png 745w, https:\/\/sit.bthstudent.se\/wp-content\/blogs.dir\/24\/files\/sites\/12\/2016\/02\/smoersex-01-300x170.png 300w\" sizes=\"(max-width: 179px) 100vw, 179px\" \/><figcaption id=\"caption-attachment-301\" class=\"wp-caption-text\">.smoersex \u2013 board<\/figcaption><\/figure>\n<h3 style=\"text-align: left\">Administratively<\/h3>\n<figure id=\"attachment_148\" aria-describedby=\"caption-attachment-148\" style=\"width: 179px\" class=\"wp-caption alignleft\"><img loading=\"lazy\" decoding=\"async\" class=\"size-full wp-image-148\" src=\"http:\/\/sit.bthstudent.se\/wp-content\/blogs.dir\/24\/files\/sites\/12\/2016\/01\/Fullm\u00e4ktigedelegat.png\" alt=\"Fullm\u00e4ktigedelegat\" width=\"179\" height=\"101\" \/><figcaption id=\"caption-attachment-148\" class=\"wp-caption-text\">Council delegate<\/figcaption><\/figure>\n<figure id=\"attachment_149\" aria-describedby=\"caption-attachment-149\" style=\"width: 179px\" class=\"wp-caption alignright\"><img loading=\"lazy\" decoding=\"async\" class=\"size-full wp-image-149\" src=\"http:\/\/sit.bthstudent.se\/wp-content\/blogs.dir\/24\/files\/sites\/12\/2016\/01\/K\u00e5rstyrelse.png\" alt=\"K\u00e5rstyrelsen\" width=\"179\" height=\"101\" \/><figcaption id=\"caption-attachment-149\" class=\"wp-caption-text\">K\u00e5rstyrelsen<\/figcaption><\/figure>\n<figure id=\"attachment_163\" aria-describedby=\"caption-attachment-163\" style=\"width: 179px\" class=\"wp-caption aligncenter\"><img loading=\"lazy\" decoding=\"async\" class=\"size-full wp-image-163\" src=\"http:\/\/sit.bthstudent.se\/wp-content\/blogs.dir\/24\/files\/sites\/12\/2016\/01\/Valberedningen.png\" alt=\"Valberedningen\" width=\"179\" height=\"101\" \/><figcaption id=\"caption-attachment-163\" class=\"wp-caption-text\">The selection committee<\/figcaption><\/figure>\n<figure id=\"attachment_155\" aria-describedby=\"caption-attachment-155\" style=\"width: 179px\" class=\"wp-caption alignleft\"><img loading=\"lazy\" decoding=\"async\" class=\"size-full wp-image-155\" src=\"http:\/\/sit.bthstudent.se\/wp-content\/blogs.dir\/24\/files\/sites\/12\/2016\/01\/Revisor.png\" alt=\"Revisor\" width=\"179\" height=\"101\" \/><figcaption id=\"caption-attachment-155\" class=\"wp-caption-text\">Auditor<\/figcaption><\/figure>\n<h3 style=\"text-align: left\">Miscellaneous<\/h3>\n<p>One for each granted study break. One for serving in the military.<em><br \/>\n<\/em><\/p>\n<figure id=\"attachment_152\" aria-describedby=\"caption-attachment-152\" style=\"width: 179px\" class=\"wp-caption alignleft\"><img loading=\"lazy\" decoding=\"async\" class=\"size-full wp-image-152\" src=\"http:\/\/sit.bthstudent.se\/wp-content\/blogs.dir\/24\/files\/sites\/12\/2016\/01\/Milit\u00e4rtj\u00e4nstg\u00f6ring.png\" alt=\"Milit\u00e4rtj\u00e4nstg\u00f6ring\" width=\"179\" height=\"101\" \/><figcaption id=\"caption-attachment-152\" class=\"wp-caption-text\">Military service<\/figcaption><\/figure>\n<figure id=\"attachment_162\" aria-describedby=\"caption-attachment-162\" style=\"width: 179px\" class=\"wp-caption aligncenter\"><img loading=\"lazy\" decoding=\"async\" class=\"wp-image-162 size-full\" src=\"http:\/\/sit.bthstudent.se\/wp-content\/blogs.dir\/24\/files\/sites\/12\/2016\/01\/Studieuppeh\u00e5ll.png\" alt=\"Studieuppeh\u00e5ll\" width=\"179\" height=\"101\" \/><figcaption id=\"caption-attachment-162\" class=\"wp-caption-text\">Study break<\/figcaption><\/figure>\n<p>&nbsp;<\/p>","protected":false},"excerpt":{"rendered":"<p>Teknologm\u00f6ssan \u00e4r en m\u00f6ssa som b\u00e4rs av teknologer. Dessa m\u00f6ssor skilljer sig \u00e4ven fr\u00e5n l\u00e4ros\u00e4te till l\u00e4ros\u00e4te. Vid Blekinge Tekniska &hellip; <a href=\"https:\/\/sit.bthstudent.se\/en\/om\/teknologmossan\/\" class=\"more-link\"><span class=\"more-button\">Continue Reading<span class=\"screen-reader-text\">Technologist cap<\/span><\/span><\/a><\/p>","protected":false},"author":89,"featured_media":0,"parent":2,"menu_order":0,"comment_status":"closed","ping_status":"closed","template":"","meta":{"footnotes":""},"class_list":["post-6","page","type-page","status-publish","hentry"],"_links":{"self":[{"href":"https:\/\/sit.bthstudent.se\/en\/wp-json\/wp\/v2\/pages\/6","targetHints":{"allow":["GET"]}}],"collection":[{"href":"https:\/\/sit.bthstudent.se\/en\/wp-json\/wp\/v2\/pages"}],"about":[{"href":"https:\/\/sit.bthstudent.se\/en\/wp-json\/wp\/v2\/types\/page"}],"author":[{"embeddable":true,"href":"https:\/\/sit.bthstudent.se\/en\/wp-json\/wp\/v2\/users\/89"}],"replies":[{"embeddable":true,"href":"https:\/\/sit.bthstudent.se\/en\/wp-json\/wp\/v2\/comments?post=6"}],"version-history":[{"count":14,"href":"https:\/\/sit.bthstudent.se\/en\/wp-json\/wp\/v2\/pages\/6\/revisions"}],"predecessor-version":[{"id":508,"href":"https:\/\/sit.bthstudent.se\/en\/wp-json\/wp\/v2\/pages\/6\/revisions\/508"}],"up":[{"embeddable":true,"href":"https:\/\/sit.bthstudent.se\/en\/wp-json\/wp\/v2\/pages\/2"}],"wp:attachment":[{"href":"https:\/\/sit.bthstudent.se\/en\/wp-json\/wp\/v2\/media?parent=6"}],"curies":[{"name":"wp","href":"https:\/\/api.w.org\/{rel}","templated":true}]}}